{"id":26,"date":"2025-12-04T15:38:39","date_gmt":"2025-12-04T15:38:39","guid":{"rendered":"https:\/\/cdaprado.com\/nuevo_sitio_cda_pruebas\/our-services\/"},"modified":"2026-03-30T17:05:37","modified_gmt":"2026-03-30T17:05:37","slug":"servicios","status":"publish","type":"page","link":"https:\/\/cdaprado.com\/nuevo_sitio_cda_pruebas\/servicios\/","title":{"rendered":"Servicios"},"content":{"rendered":"\t\t<div data-elementor-type=\"wp-page\" data-elementor-id=\"26\" class=\"elementor elementor-26\">\n\t\t\t\t<div class=\"elementor-element elementor-element-25a8cae7 e-flex e-con-boxed e-con e-parent\" data-id=\"25a8cae7\" data-element_type=\"container\" data-e-type=\"container\">\n\t\t\t\t\t<div class=\"e-con-inner\">\n\t\t<div class=\"elementor-element elementor-element-1163c694 e-con-full e-flex elementor-invisible e-con e-child\" data-id=\"1163c694\" data-element_type=\"container\" data-e-type=\"container\" data-settings=\"{&quot;animation&quot;:&quot;slideInLeft&quot;}\">\n\t\t\t\t<div class=\"elementor-element elementor-element-37455a3 elementor-invisible elementor-widget elementor-widget-heading\" data-id=\"37455a3\" data-element_type=\"widget\" data-e-type=\"widget\" data-settings=\"{&quot;_animation&quot;:&quot;fadeInLeft&quot;,&quot;_animation_tablet&quot;:&quot;fadeInLeft&quot;,&quot;_animation_mobile&quot;:&quot;fadeInLeft&quot;}\" data-widget_type=\"heading.default\">\n\t\t\t\t\t<h1 class=\"elementor-heading-title elementor-size-default\">Nuestros servicios<\/h1>\t\t\t\t<\/div>\n\t\t\t\t<\/div>\n\t\t<div class=\"elementor-element elementor-element-c73147f e-con-full e-flex elementor-invisible e-con e-child\" data-id=\"c73147f\" data-element_type=\"container\" data-e-type=\"container\" data-settings=\"{&quot;animation&quot;:&quot;fadeInLeft&quot;,&quot;animation_tablet&quot;:&quot;fadeInLeft&quot;,&quot;animation_mobile&quot;:&quot;none&quot;}\">\n\t\t\t\t<div class=\"elementor-element elementor-element-4e58701 elementor-widget-tablet__width-initial elementor-widget-mobile__width-inherit elementor-widget__width-initial elementor-position-top elementor-widget elementor-widget-image-box\" data-id=\"4e58701\" data-element_type=\"widget\" data-e-type=\"widget\" data-settings=\"{&quot;_animation_mobile&quot;:&quot;fadeInLeft&quot;}\" data-widget_type=\"image-box.default\">\n\t\t\t\t\t<div class=\"elementor-image-box-wrapper\"><figure class=\"elementor-image-box-img\"><img decoding=\"async\" src=\"http:\/\/cdaprado.com\/wp-content\/uploads\/nuevas_imges_cda_prado_cms\/6.jpg\" title=\"\" alt=\"CDA Prado\" class=\"elementor-animation-grow\" loading=\"lazy\" \/><\/figure><div class=\"elementor-image-box-content\"><h4 class=\"elementor-image-box-title\">Revisi\u00f3n T\u00e9cnico-Mec\u00e1nica y de Emisiones Contaminantes para veh\u00edculos livianos y motos<\/h4><\/div><\/div>\t\t\t\t<\/div>\n\t\t\t\t<div class=\"elementor-element elementor-element-44dad19 elementor-widget-tablet__width-initial elementor-widget-mobile__width-inherit elementor-widget__width-initial elementor-position-top elementor-widget elementor-widget-image-box\" data-id=\"44dad19\" data-element_type=\"widget\" data-e-type=\"widget\" data-settings=\"{&quot;_animation_mobile&quot;:&quot;fadeInLeft&quot;}\" data-widget_type=\"image-box.default\">\n\t\t\t\t\t<div class=\"elementor-image-box-wrapper\"><figure class=\"elementor-image-box-img\"><img decoding=\"async\" src=\"http:\/\/cdaprado.com\/wp-content\/uploads\/nuevas_imges_cda_prado_cms\/1.jpg\" title=\"\" alt=\"CDA Prado\" class=\"elementor-animation-grow\" loading=\"lazy\" \/><\/figure><div class=\"elementor-image-box-content\"><h4 class=\"elementor-image-box-title\">Seguro obligatorio (SOAT)<\/h4><\/div><\/div>\t\t\t\t<\/div>\n\t\t\t\t<div class=\"elementor-element elementor-element-e3c92fd elementor-widget-tablet__width-initial elementor-widget-mobile__width-inherit elementor-widget__width-initial elementor-position-top elementor-widget elementor-widget-image-box\" data-id=\"e3c92fd\" data-element_type=\"widget\" data-e-type=\"widget\" data-settings=\"{&quot;_animation_mobile&quot;:&quot;fadeInLeft&quot;}\" data-widget_type=\"image-box.default\">\n\t\t\t\t\t<div class=\"elementor-image-box-wrapper\"><figure class=\"elementor-image-box-img\"><img fetchpriority=\"high\" decoding=\"async\" width=\"683\" height=\"600\" src=\"https:\/\/cdaprado.com\/nuevo_sitio_cda_pruebas\/wp-content\/uploads\/2026\/03\/1.png\" class=\"elementor-animation-grow attachment-full size-full wp-image-2019\" alt=\"\" srcset=\"https:\/\/cdaprado.com\/nuevo_sitio_cda_pruebas\/wp-content\/uploads\/2026\/03\/1.png 683w, https:\/\/cdaprado.com\/nuevo_sitio_cda_pruebas\/wp-content\/uploads\/2026\/03\/1-300x264.png 300w\" sizes=\"(max-width: 683px) 100vw, 683px\" \/><\/figure><div class=\"elementor-image-box-content\"><h4 class=\"elementor-image-box-title\">Revisi\u00f3n preventiva<\/h4><\/div><\/div>\t\t\t\t<\/div>\n\t\t\t\t<div class=\"elementor-element elementor-element-56ed5fe elementor-widget-tablet__width-initial elementor-widget-mobile__width-inherit elementor-widget__width-initial elementor-position-top elementor-widget elementor-widget-image-box\" data-id=\"56ed5fe\" data-element_type=\"widget\" data-e-type=\"widget\" data-settings=\"{&quot;_animation_mobile&quot;:&quot;fadeInLeft&quot;}\" data-widget_type=\"image-box.default\">\n\t\t\t\t\t<div class=\"elementor-image-box-wrapper\"><figure class=\"elementor-image-box-img\"><img decoding=\"async\" src=\"http:\/\/cdaprado.com\/wp-content\/uploads\/nuevas_imges_cda_prado_cms\/taxi.jpg\" title=\"\" alt=\"Taxi\" class=\"elementor-animation-grow\" loading=\"lazy\" \/><\/figure><div class=\"elementor-image-box-content\"><h4 class=\"elementor-image-box-title\">Cambio de tarifa para taxis<\/h4><\/div><\/div>\t\t\t\t<\/div>\n\t\t\t\t<\/div>\n\t\t\t\t\t<\/div>\n\t\t\t\t<\/div>\n\t\t<div class=\"elementor-element elementor-element-e7bcc50 e-con-full e-flex e-con e-parent\" data-id=\"e7bcc50\" data-element_type=\"container\" data-e-type=\"container\" data-settings=\"{&quot;animation&quot;:&quot;none&quot;,&quot;animation_mobile&quot;:&quot;none&quot;}\">\n\t\t<div class=\"elementor-element elementor-element-6cefc0e e-con-full e-flex elementor-invisible e-con e-child\" data-id=\"6cefc0e\" data-element_type=\"container\" data-e-type=\"container\" data-settings=\"{&quot;background_background&quot;:&quot;classic&quot;,&quot;animation&quot;:&quot;fadeInRight&quot;,&quot;animation_tablet&quot;:&quot;fadeInRight&quot;,&quot;animation_mobile&quot;:&quot;fadeInRight&quot;}\">\n\t\t\t\t<\/div>\n\t\t<div class=\"elementor-element elementor-element-9355083 e-con-full e-flex elementor-invisible e-con e-child\" data-id=\"9355083\" data-element_type=\"container\" data-e-type=\"container\" data-settings=\"{&quot;animation&quot;:&quot;fadeInRight&quot;,&quot;animation_tablet&quot;:&quot;fadeInRight&quot;,&quot;animation_mobile&quot;:&quot;fadeInRight&quot;}\">\n\t\t\t\t<div class=\"elementor-element elementor-element-874c89a elementor-widget elementor-widget-heading\" data-id=\"874c89a\" data-element_type=\"widget\" data-e-type=\"widget\" data-widget_type=\"heading.default\">\n\t\t\t\t\t<h1 class=\"elementor-heading-title elementor-size-default\">RTM y EC<\/h1>\t\t\t\t<\/div>\n\t\t\t\t<div class=\"elementor-element elementor-element-f807257 elementor-widget elementor-widget-text-editor\" data-id=\"f807257\" data-element_type=\"widget\" data-e-type=\"widget\" data-settings=\"{&quot;_animation&quot;:&quot;none&quot;,&quot;_animation_delay&quot;:400}\" data-widget_type=\"text-editor.default\">\n\t\t\t\t\t\t\t\t\t<p>Es un procedimiento unificado establecido para todos los veh\u00edculos automotores mediante el cual se verifican las condiciones mec\u00e1nicas, ambientales y de seguridad. Esto con el fin de garantizar la seguridad vial y la preservaci\u00f3n del medio ambiente.<\/p><div class=\"wpb_wrapper\"><p>El alcance de la <strong>REVISI\u00d3N T\u00c9CNICO-MEC\u00c1NICA Y DE EMISIONES CONTAMINANTES<\/strong> es el definido en la NTC (norma t\u00e9cnica Colombiana) 5375 del a\u00f1o 2012. Las etapas que se realizan dentro del proceso de REVISI\u00d3N T\u00c9CNICO-MEC\u00c1NICA Y DE EMISIONES CONTAMINANTES son las siguientes:<\/p><\/div><div class=\"wpb_text_column wpb_content_element\"><div class=\"wpb_wrapper\"><ul><li>Recepci\u00f3n del cliente<\/li><li>Verificaci\u00f3n de informaci\u00f3n de matr\u00edcula en la plataforma RUNT- Recepci\u00f3n del veh\u00edculo- Facturaci\u00f3n y compra del PIN<\/li><li>Validaci\u00f3n y Consumo de PIN<\/li><li>Ingreso del veh\u00edculo al sistema, para la realizaci\u00f3n de las diferentes pruebas:<ul><li>Inspecci\u00f3n Visual o sensorial<\/li><li>Inspecci\u00f3n de luces e Inspecci\u00f3n de gases<\/li><li>Inspecci\u00f3n de frenos, alineaci\u00f3n y suspensi\u00f3n (FAS)<\/li><li>Inspecci\u00f3n de tax\u00edmetros (s\u00f3lo Taxis)<\/li><\/ul><\/li><li>Validaci\u00f3n de resultados ante el SICOV (Sistema de Control y Vigilancia)<\/li><li>Registro ante la plataforma RUNT<\/li><li>Entrega de Resultados al cliente<\/li><\/ul><p>Revisi\u00f3n T\u00e9cnico &#8211; Mec\u00e1nica y de Emisones Contaminantes \u2013 <a href=\"https:\/\/coopebombas.com\/\/wp-content\/uploads\/CDA\/evita_multas_y_sanciones.png\" target=\"_blank\" rel=\"noopener\"><strong>AQU\u00cd<\/strong><\/a><\/p><\/div><\/div>\t\t\t\t\t\t\t\t<\/div>\n\t\t\t\t<\/div>\n\t\t\t\t<\/div>\n\t\t\t\t<\/div>\n\t\t","protected":false},"excerpt":{"rendered":"<p>Nuestros servicios Revisi\u00f3n T\u00e9cnico-Mec\u00e1nica y de Emisiones Contaminantes para veh\u00edculos livianos y motos Seguro obligatorio (SOAT) Revisi\u00f3n preventiva Cambio de tarifa para taxis RTM y EC Es un procedimiento unificado establecido para todos los veh\u00edculos automotores mediante el cual se verifican las condiciones mec\u00e1nicas, ambientales y de seguridad. Esto con el fin de garantizar la [&hellip;]<\/p>\n","protected":false},"author":1,"featured_media":35,"parent":0,"menu_order":0,"comment_status":"closed","ping_status":"closed","template":"elementor_header_footer","meta":{"footnotes":""},"class_list":["post-26","page","type-page","status-publish","has-post-thumbnail","hentry"],"_links":{"self":[{"href":"https:\/\/cdaprado.com\/nuevo_sitio_cda_pruebas\/wp-json\/wp\/v2\/pages\/26","targetHints":{"allow":["GET"]}}],"collection":[{"href":"https:\/\/cdaprado.com\/nuevo_sitio_cda_pruebas\/wp-json\/wp\/v2\/pages"}],"about":[{"href":"https:\/\/cdaprado.com\/nuevo_sitio_cda_pruebas\/wp-json\/wp\/v2\/types\/page"}],"author":[{"embeddable":true,"href":"https:\/\/cdaprado.com\/nuevo_sitio_cda_pruebas\/wp-json\/wp\/v2\/users\/1"}],"replies":[{"embeddable":true,"href":"https:\/\/cdaprado.com\/nuevo_sitio_cda_pruebas\/wp-json\/wp\/v2\/comments?post=26"}],"version-history":[{"count":158,"href":"https:\/\/cdaprado.com\/nuevo_sitio_cda_pruebas\/wp-json\/wp\/v2\/pages\/26\/revisions"}],"predecessor-version":[{"id":2117,"href":"https:\/\/cdaprado.com\/nuevo_sitio_cda_pruebas\/wp-json\/wp\/v2\/pages\/26\/revisions\/2117"}],"wp:featuredmedia":[{"embeddable":true,"href":"https:\/\/cdaprado.com\/nuevo_sitio_cda_pruebas\/wp-json\/wp\/v2\/media\/35"}],"wp:attachment":[{"href":"https:\/\/cdaprado.com\/nuevo_sitio_cda_pruebas\/wp-json\/wp\/v2\/media?parent=26"}],"curies":[{"name":"wp","href":"https:\/\/api.w.org\/{rel}","templated":true}]}}