{"id":36,"date":"2025-12-04T15:38:44","date_gmt":"2025-12-04T15:38:44","guid":{"rendered":"https:\/\/cdaprado.com\/nuevo_sitio_cda_pruebas\/our-story\/"},"modified":"2026-03-30T17:01:18","modified_gmt":"2026-03-30T17:01:18","slug":"quienes-somos","status":"publish","type":"page","link":"https:\/\/cdaprado.com\/nuevo_sitio_cda_pruebas\/quienes-somos\/","title":{"rendered":"Qui\u00e9nes somos"},"content":{"rendered":"\t\t<div data-elementor-type=\"wp-page\" data-elementor-id=\"36\" class=\"elementor elementor-36\">\n\t\t\t\t<div class=\"elementor-element elementor-element-47a8853c e-con-full e-flex elementor-invisible e-con e-parent\" data-id=\"47a8853c\" data-element_type=\"container\" data-e-type=\"container\" data-settings=\"{&quot;animation&quot;:&quot;fadeInLeft&quot;}\">\n\t\t<div class=\"elementor-element elementor-element-17565af1 e-con-full e-flex e-con e-child\" data-id=\"17565af1\" data-element_type=\"container\" data-e-type=\"container\" data-settings=\"{&quot;background_background&quot;:&quot;classic&quot;}\">\n\t\t\t\t<\/div>\n\t\t<div class=\"elementor-element elementor-element-8734fb e-con-full e-flex e-con e-child\" data-id=\"8734fb\" data-element_type=\"container\" data-e-type=\"container\">\n\t\t\t\t<div class=\"elementor-element elementor-element-12836e92 elementor-widget elementor-widget-heading\" data-id=\"12836e92\" data-element_type=\"widget\" data-e-type=\"widget\" data-settings=\"{&quot;_animation_tablet&quot;:&quot;fadeInLeft&quot;,&quot;_animation_mobile&quot;:&quot;fadeInLeft&quot;}\" data-widget_type=\"heading.default\">\n\t\t\t\t\t<h6 class=\"elementor-heading-title elementor-size-default\">acerca de nosotroS<\/h6>\t\t\t\t<\/div>\n\t\t\t\t<div class=\"elementor-element elementor-element-3fd0410 elementor-widget elementor-widget-heading\" data-id=\"3fd0410\" data-element_type=\"widget\" data-e-type=\"widget\" data-settings=\"{&quot;_animation_tablet&quot;:&quot;fadeInLeft&quot;,&quot;_animation_mobile&quot;:&quot;fadeInLeft&quot;}\" data-widget_type=\"heading.default\">\n\t\t\t\t\t<h1 class=\"elementor-heading-title elementor-size-default\">Qui\u00e9nes somos<\/h1>\t\t\t\t<\/div>\n\t\t\t\t<div class=\"elementor-element elementor-element-662ba29b elementor-invisible elementor-widget elementor-widget-text-editor\" data-id=\"662ba29b\" data-element_type=\"widget\" data-e-type=\"widget\" data-settings=\"{&quot;_animation&quot;:&quot;fadeIn&quot;,&quot;_animation_delay&quot;:400,&quot;_animation_tablet&quot;:&quot;fadeInLeft&quot;,&quot;_animation_mobile&quot;:&quot;fadeInLeft&quot;}\" data-widget_type=\"text-editor.default\">\n\t\t\t\t\t\t\t\t\t<p>CDA PRADO S.A.S, naci\u00f3 con el fin de contribuir a los requerimientos citados en la Resoluci\u00f3n 3500 de Noviembre 21 de 2005 del Ministerio de Transporte de Ambiente, Vivienda y Desarrollo Territorial, orientados a satisfacer una necesidad emanada en cuanto a la Revisi\u00f3n T\u00e9cnico Mec\u00e1nica de veh\u00edculos, sus socios deseaban dar un aporte a la ciudad de Medell\u00edn para que su parque Automotor en la L\u00ednea liviana cumpliera con los est\u00e1ndares de calidad en cuanto a la preservaci\u00f3n del Medio Ambiente y la Seguridad Vial.<\/p><p>Con una infraestructura apta y equipos \u00f3ptimos, por esta raz\u00f3n CDA PRADO S.A.S, durante los 6 meses siguientes se prepar\u00f3 en infraestructura, equipos y personal capacitado con el objetivo principal de cumplir con las Normas, luego de este proceso la Empresa fue certificada por el ICONTEC en Instalaciones y Montajes Industriales (IMI`s), el 24 de agosto de 2007 y posteriormente fue habilitada por el Ministerio de Transporte, seg\u00fan Resoluci\u00f3n No. 003423 del 27 de agosto de 2007, como CENTRO DE DIAGNOSTICO AUTOMOTOR.<\/p><p>Con domicilio en la ciudad de Medell\u00edn, departamento de Antioquia dicha resoluci\u00f3n lo habilito como Centro de Diagn\u00f3stico Automotor clase B, abri\u00f3 sus puertas al p\u00fablico el 29 de agosto de 2007, con el objetivo de satisfacer las necesidades de nuestros clientes.<\/p>\t\t\t\t\t\t\t\t<\/div>\n\t\t\t\t<\/div>\n\t\t\t\t<\/div>\n\t\t<div class=\"elementor-element elementor-element-fe244fa e-flex e-con-boxed e-con e-parent\" data-id=\"fe244fa\" data-element_type=\"container\" data-e-type=\"container\" data-settings=\"{&quot;animation&quot;:&quot;none&quot;}\">\n\t\t\t\t\t<div class=\"e-con-inner\">\n\t\t<div class=\"elementor-element elementor-element-443d726 e-grid e-con-full elementor-invisible e-con e-child\" data-id=\"443d726\" data-element_type=\"container\" data-e-type=\"container\" data-settings=\"{&quot;animation&quot;:&quot;fadeInRight&quot;}\">\n\t\t<div class=\"elementor-element elementor-element-856a10b e-con-full e-flex e-con e-child\" data-id=\"856a10b\" data-element_type=\"container\" data-e-type=\"container\" data-settings=\"{&quot;animation_tablet&quot;:&quot;fadeInRight&quot;,&quot;animation_mobile&quot;:&quot;fadeInRight&quot;}\">\n\t\t\t\t<div class=\"elementor-element elementor-element-ffdb0b1 elementor-widget elementor-widget-heading\" data-id=\"ffdb0b1\" data-element_type=\"widget\" data-e-type=\"widget\" data-widget_type=\"heading.default\">\n\t\t\t\t\t<h2 class=\"elementor-heading-title elementor-size-default\">Misi\u00f3n<\/h2>\t\t\t\t<\/div>\n\t\t\t\t<div class=\"elementor-element elementor-element-ea82b92 elementor-widget__width-initial elementor-widget-mobile__width-inherit elementor-widget elementor-widget-text-editor\" data-id=\"ea82b92\" data-element_type=\"widget\" data-e-type=\"widget\" data-widget_type=\"text-editor.default\">\n\t\t\t\t\t\t\t\t\t<div class=\"wpb_column vc_column_container vc_col-sm-6\"><div class=\"vc_column-inner\"><div class=\"wpb_wrapper\"><div class=\"wpb_text_column wpb_content_element\"><div class=\"wpb_wrapper\"><p>Somos una empresa que presta el servicio de Revisi\u00f3n T\u00e9cnico Mec\u00e1nica y emisiones contaminantes, para veh\u00edculos livianos de servicio p\u00fablico y particular; para ello contamos con personal capacitado, equipos e infraestructura adecuada. Nuestro inter\u00e9s es ofrecer a nuestros clientes un diagn\u00f3stico del estado general de su veh\u00edculo contribuyendo as\u00ed con la aplicaci\u00f3n y el cumplimiento de la legislaci\u00f3n vigente y el desarrollo integral de la Organizaci\u00f3n.<\/p><\/div><\/div><\/div><\/div><\/div>\t\t\t\t\t\t\t\t<\/div>\n\t\t\t\t<\/div>\n\t\t<div class=\"elementor-element elementor-element-70e5bce e-con-full e-flex e-con e-child\" data-id=\"70e5bce\" data-element_type=\"container\" data-e-type=\"container\" data-settings=\"{&quot;animation_tablet&quot;:&quot;fadeInRight&quot;,&quot;animation_mobile&quot;:&quot;fadeInRight&quot;}\">\n\t\t\t\t<div class=\"elementor-element elementor-element-056052c elementor-widget elementor-widget-heading\" data-id=\"056052c\" data-element_type=\"widget\" data-e-type=\"widget\" data-widget_type=\"heading.default\">\n\t\t\t\t\t<h2 class=\"elementor-heading-title elementor-size-default\">Visi\u00f3n<\/h2>\t\t\t\t<\/div>\n\t\t\t\t<div class=\"elementor-element elementor-element-15f99cc elementor-widget__width-initial elementor-widget-mobile__width-inherit elementor-widget elementor-widget-text-editor\" data-id=\"15f99cc\" data-element_type=\"widget\" data-e-type=\"widget\" data-widget_type=\"text-editor.default\">\n\t\t\t\t\t\t\t\t\t<div class=\"vc_row wpb_row vc_row-fluid mkdf-section mkdf-content-aligment-left\"><div class=\"clearfix mkdf-full-section-inner\"><div class=\"wpb_column vc_column_container vc_col-sm-6\"><div class=\"vc_column-inner\"><div class=\"wpb_wrapper\"><div class=\"wpb_text_column wpb_content_element\"><div class=\"wpb_wrapper\"><p>Ser\u00e1 compromiso permanente brindar el servicio que nuestros clientes esperan con respecto a la Revisi\u00f3n T\u00e9cnico Mec\u00e1nica y de emisiones contaminantes para los veh\u00edculos livianos en el Valle de Aburr\u00e1. Compitiendo en el mercado con calidad y eficiencia, generando estabilidad para sus empleados.<\/p><\/div><\/div><\/div><\/div><\/div><\/div><\/div>\t\t\t\t\t\t\t\t<\/div>\n\t\t\t\t<\/div>\n\t\t\t\t<\/div>\n\t\t\t\t\t<\/div>\n\t\t\t\t<\/div>\n\t\t<div class=\"elementor-element elementor-element-b4353b4 e-flex e-con-boxed e-con e-parent\" data-id=\"b4353b4\" data-element_type=\"container\" data-e-type=\"container\">\n\t\t\t\t\t<div class=\"e-con-inner\">\n\t\t\t\t<div class=\"elementor-element elementor-element-f749b78 elementor-widget elementor-widget-html\" data-id=\"f749b78\" data-element_type=\"widget\" data-e-type=\"widget\" data-widget_type=\"html.default\">\n\t\t\t\t\t<style>\n\n\/* =========================================\n   POL\u00cdTICAS CDA \u2013 limitar altura del texto\n   ========================================= *\/\n\n\/* \u00c1rea donde aparece el contenido desplegado *\/\n.politicas-cda .politica-item .elementor-tab-content{\n    max-height: 420px;        \/* altura m\u00e1xima del bloque *\/\n    overflow-y: auto;         \/* activa scroll interno *\/\n    padding-right: 10px;      \/* evita que el texto choque con el scroll *\/\n}\n\n\/* =========================================\n   ESTILO DEL LINK \"M\u00e1s informaci\u00f3n aqu\u00ed\"\n   ========================================= *\/\n\n.politicas-cda .politica-item .elementor-tab-content a{\n    color:#4da3ff;               \/* color base del link *\/\n    font-weight:600;\n    text-decoration:none;\n    transition: all .25s ease;\n}\n\n\/* Hover visible *\/\n.politicas-cda .politica-item .elementor-tab-content a:hover{\n    color:#ffffff;               \/* cambia a blanco *\/\n    text-decoration:underline;   \/* subrayado claro *\/\n}\n\n\/* Cuando se hace clic *\/\n.politicas-cda .politica-item .elementor-tab-content a:active{\n    color:#7fb8ff;\n}\n\n\/* Link visitado *\/\n.politicas-cda .politica-item .elementor-tab-content a:visited{\n    color:#4da3ff;\n}\n\n\/* =========================================\n   Scroll m\u00e1s elegante\n   ========================================= *\/\n\n.politicas-cda .politica-item .elementor-tab-content::-webkit-scrollbar{\n    width:6px;\n}\n\n.politicas-cda .politica-item .elementor-tab-content::-webkit-scrollbar-track{\n    background:rgba(255,255,255,0.08);\n}\n\n.politicas-cda .politica-item .elementor-tab-content::-webkit-scrollbar-thumb{\n    background:rgba(255,255,255,0.35);\n    border-radius:6px;\n}\n\n.politicas-cda .politica-item .elementor-tab-content::-webkit-scrollbar-thumb:hover{\n    background:rgba(255,255,255,0.55);\n}\n\n\/* =========================================\n   Ajuste responsive\n   ========================================= *\/\n\n@media (max-width:1024px){\n    .politicas-cda .politica-item .elementor-tab-content{\n        max-height:360px;\n    }\n}\n\n@media (max-width:767px){\n    .politicas-cda .politica-item .elementor-tab-content{\n        max-height:none;   \/* en m\u00f3vil dejamos crecer el contenido *\/\n        overflow:visible;\n    }\n}\n\n<\/style>\t\t\t\t<\/div>\n\t\t\t\t\t<\/div>\n\t\t\t\t<\/div>\n\t\t<div class=\"elementor-element elementor-element-7254cb6 politicas-cda e-flex e-con-boxed e-con e-parent\" data-id=\"7254cb6\" data-element_type=\"container\" data-e-type=\"container\" data-settings=\"{&quot;background_background&quot;:&quot;classic&quot;,&quot;animation&quot;:&quot;none&quot;}\">\n\t\t\t\t\t<div class=\"e-con-inner\">\n\t\t<div class=\"elementor-element elementor-element-a63265b e-grid e-con-full elementor-invisible e-con e-child\" data-id=\"a63265b\" data-element_type=\"container\" data-e-type=\"container\" data-settings=\"{&quot;animation&quot;:&quot;fadeInLeft&quot;,&quot;animation_tablet&quot;:&quot;fadeInLeft&quot;,&quot;animation_mobile&quot;:&quot;none&quot;}\">\n\t\t\t\t<div class=\"elementor-element elementor-element-340e926 elementor-widget__width-initial elementor-widget-tablet__width-inherit politica-item elementor-widget elementor-widget-toggle\" data-id=\"340e926\" data-element_type=\"widget\" data-e-type=\"widget\" data-settings=\"{&quot;_animation_mobile&quot;:&quot;fadeInLeft&quot;}\" data-widget_type=\"toggle.default\">\n\t\t\t\t\t\t\t<div class=\"elementor-toggle\">\n\t\t\t\t\t\t\t<div class=\"elementor-toggle-item\">\n\t\t\t\t\t<h4 id=\"elementor-tab-title-5451\" class=\"elementor-tab-title\" data-tab=\"1\" role=\"button\" aria-controls=\"elementor-tab-content-5451\" aria-expanded=\"false\">\n\t\t\t\t\t\t\t\t\t\t\t\t<a class=\"elementor-toggle-title\" tabindex=\"0\">Pol\u00edtica de independencia<\/a>\n\t\t\t\t\t<\/h4>\n\n\t\t\t\t\t<div id=\"elementor-tab-content-5451\" class=\"elementor-tab-content elementor-clearfix\" data-tab=\"1\" role=\"region\" aria-labelledby=\"elementor-tab-title-5451\"><p>El\u00a0<strong>CDA PRADO SAS<\/strong> tiene estipulado como pol\u00edtica de independencia, imparcialidad y confidencialidad lo siguiente:<\/p><ul><li>El Centro de Diagn\u00f3stico Automotor est\u00e1 libre de cualquier presi\u00f3n comercial, teniendo en cuenta que no es el productor, dise\u00f1ador, proveedor, instalador, comprador, usuario, propietario o responsable del mantenimiento de los veh\u00edculos que se inspeccionan en el CDA PRADO, ni es el representante autorizado de ninguna de estas partes.<\/li><li>Cualquier tipo de veh\u00edculo, que est\u00e9 dentro del alcance autorizado al Centro de Diagn\u00f3stico Automotor Prado S.A.S., puede acceder a los servicios de Centro de Diagn\u00f3stico del CDA. con solo cumplir con los requisitos descritos en la norma NTC 5375 y sus complementarias.\u00a0 Los mismos no est\u00e1n influenciados por cualquier condici\u00f3n indebida, incluso financiera.<\/li><li>El Centro de Diagn\u00f3stico Automotor y su personal est\u00e1n libres de cualquier actividad que pueda crear conflicto con su independencia de juicio e integridad, respecto de los servicios de inspecci\u00f3n que preste.<\/li><li>La alta direcci\u00f3n est\u00e1 comprometida con la imparcialidad, estipulado en el D-10 an\u00e1lisis de la alta direcci\u00f3n con la imparcialidad y los principios de la organizaci\u00f3n.<\/li><li>Se tiene establecido un documento llamado c\u00f3digo de \u00e9tica D-11.<\/li><li>El Centro de Diagn\u00f3stico Automotor\u00a0<strong>CDA PRADO<\/strong>\u00a0asegura la confidencialidad de los resultados obtenidos derivados de las pruebas, al presentarlos s\u00f3lo a la persona que solicit\u00f3 el servicio y restringiendo el acceso a los registros magn\u00e9ticos y f\u00edsicos a personal no autorizado.<\/li><li>El personal del CDA PRADO, no debe referenciar talleres y\/o almacenes de para el mantenimiento de los veh\u00edculos inspeccionados.<\/li><\/ul><\/div>\n\t\t\t\t<\/div>\n\t\t\t\t\t\t\t\t<\/div>\n\t\t\t\t\t\t<\/div>\n\t\t\t\t<div class=\"elementor-element elementor-element-f82c140 elementor-widget__width-initial elementor-widget-tablet__width-inherit politica-item elementor-widget elementor-widget-toggle\" data-id=\"f82c140\" data-element_type=\"widget\" data-e-type=\"widget\" data-settings=\"{&quot;_animation_mobile&quot;:&quot;fadeInLeft&quot;}\" data-widget_type=\"toggle.default\">\n\t\t\t\t\t\t\t<div class=\"elementor-toggle\">\n\t\t\t\t\t\t\t<div class=\"elementor-toggle-item\">\n\t\t\t\t\t<h4 id=\"elementor-tab-title-2601\" class=\"elementor-tab-title\" data-tab=\"1\" role=\"button\" aria-controls=\"elementor-tab-content-2601\" aria-expanded=\"false\">\n\t\t\t\t\t\t\t\t\t\t\t\t<a class=\"elementor-toggle-title\" tabindex=\"0\">Pol\u00edtica de calidad<\/a>\n\t\t\t\t\t<\/h4>\n\n\t\t\t\t\t<div id=\"elementor-tab-content-2601\" class=\"elementor-tab-content elementor-clearfix\" data-tab=\"1\" role=\"region\" aria-labelledby=\"elementor-tab-title-2601\"><p>Estar\u00e1 siempre comprometido con un alto nivel de servicio respecto a la Revisi\u00f3n T\u00e9cnico Mec\u00e1nica y de Emisiones contaminantes, respaldado siempre en su infraestructura f\u00edsica, t\u00e9cnica y de recursos humanos, Basados en el mejoramiento continuo, buscando satisfacer las expectativas de sus clientes y empleados.<\/p><\/div>\n\t\t\t\t<\/div>\n\t\t\t\t\t\t\t\t<\/div>\n\t\t\t\t\t\t<\/div>\n\t\t\t\t<div class=\"elementor-element elementor-element-c00a735 elementor-widget__width-initial elementor-widget-tablet__width-inherit politica-item elementor-widget elementor-widget-toggle\" data-id=\"c00a735\" data-element_type=\"widget\" data-e-type=\"widget\" data-settings=\"{&quot;_animation_mobile&quot;:&quot;fadeInLeft&quot;}\" data-widget_type=\"toggle.default\">\n\t\t\t\t\t\t\t<div class=\"elementor-toggle\">\n\t\t\t\t\t\t\t<div class=\"elementor-toggle-item\">\n\t\t\t\t\t<h4 id=\"elementor-tab-title-2011\" class=\"elementor-tab-title\" data-tab=\"1\" role=\"button\" aria-controls=\"elementor-tab-content-2011\" aria-expanded=\"false\">\n\t\t\t\t\t\t\t\t\t\t\t\t<a class=\"elementor-toggle-title\" tabindex=\"0\">Condiciones contractuales<\/a>\n\t\t\t\t\t<\/h4>\n\n\t\t\t\t\t<div id=\"elementor-tab-content-2011\" class=\"elementor-tab-content elementor-clearfix\" data-tab=\"1\" role=\"region\" aria-labelledby=\"elementor-tab-title-2011\"><h3><a href=\"https:\/\/coopebombas.com\/\/wp-content\/uploads\/CDA\/condiciones-contractuales-cda.pdf\" target=\"_blank\" rel=\"noopener\"><strong>M\u00e1s informaci\u00f3n aqu\u00ed<\/strong><\/a><\/h3><\/div>\n\t\t\t\t<\/div>\n\t\t\t\t\t\t\t\t<\/div>\n\t\t\t\t\t\t<\/div>\n\t\t\t\t<\/div>\n\t\t\t\t\t<\/div>\n\t\t\t\t<\/div>\n\t\t\t\t<\/div>\n\t\t","protected":false},"excerpt":{"rendered":"<p>acerca de nosotroS Qui\u00e9nes somos CDA PRADO S.A.S, naci\u00f3 con el fin de contribuir a los requerimientos citados en la Resoluci\u00f3n 3500 de Noviembre 21 de 2005 del Ministerio de Transporte de Ambiente, Vivienda y Desarrollo Territorial, orientados a satisfacer una necesidad emanada en cuanto a la Revisi\u00f3n T\u00e9cnico Mec\u00e1nica de veh\u00edculos, sus socios deseaban [&hellip;]<\/p>\n","protected":false},"author":1,"featured_media":40,"parent":0,"menu_order":0,"comment_status":"closed","ping_status":"closed","template":"elementor_header_footer","meta":{"footnotes":""},"class_list":["post-36","page","type-page","status-publish","has-post-thumbnail","hentry"],"_links":{"self":[{"href":"https:\/\/cdaprado.com\/nuevo_sitio_cda_pruebas\/wp-json\/wp\/v2\/pages\/36","targetHints":{"allow":["GET"]}}],"collection":[{"href":"https:\/\/cdaprado.com\/nuevo_sitio_cda_pruebas\/wp-json\/wp\/v2\/pages"}],"about":[{"href":"https:\/\/cdaprado.com\/nuevo_sitio_cda_pruebas\/wp-json\/wp\/v2\/types\/page"}],"author":[{"embeddable":true,"href":"https:\/\/cdaprado.com\/nuevo_sitio_cda_pruebas\/wp-json\/wp\/v2\/users\/1"}],"replies":[{"embeddable":true,"href":"https:\/\/cdaprado.com\/nuevo_sitio_cda_pruebas\/wp-json\/wp\/v2\/comments?post=36"}],"version-history":[{"count":179,"href":"https:\/\/cdaprado.com\/nuevo_sitio_cda_pruebas\/wp-json\/wp\/v2\/pages\/36\/revisions"}],"predecessor-version":[{"id":2111,"href":"https:\/\/cdaprado.com\/nuevo_sitio_cda_pruebas\/wp-json\/wp\/v2\/pages\/36\/revisions\/2111"}],"wp:featuredmedia":[{"embeddable":true,"href":"https:\/\/cdaprado.com\/nuevo_sitio_cda_pruebas\/wp-json\/wp\/v2\/media\/40"}],"wp:attachment":[{"href":"https:\/\/cdaprado.com\/nuevo_sitio_cda_pruebas\/wp-json\/wp\/v2\/media?parent=36"}],"curies":[{"name":"wp","href":"https:\/\/api.w.org\/{rel}","templated":true}]}}